{"id":1135,"date":"2021-11-17T12:12:59","date_gmt":"2021-11-17T20:12:59","guid":{"rendered":"http:\/\/47.181.156.224\/declaracion-de-accesibilidad\/"},"modified":"2024-12-17T16:00:48","modified_gmt":"2024-12-18T00:00:48","slug":"declaracion-de-accesibilidad","status":"publish","type":"page","link":"https:\/\/www.esfrn.org\/es\/declaracion-de-accesibilidad\/","title":{"rendered":"Declaraci\u00f3n de Accesibilidad"},"content":{"rendered":"<h2>Declaraci\u00f3n de accesibilidad<\/h2>\n<p>Actualizado: mayo de 2021<\/p>\n<h2>General<\/h2>\n<p>\n<strong>www.esfrn.org<\/strong> se esfuerza por garantizar que sus servicios sean accesibles para las personas con discapacidad. <strong>www.esfrn.org<\/strong> ha invertido una cantidad significativa de recursos para ayudar a garantizar que su sitio web sea m\u00e1s f\u00e1cil de usar y m\u00e1s accesible para las personas con discapacidad, con la firme convicci\u00f3n de que toda persona tiene derecho a vivir con dignidad, igualdad, comodidad y independencia.\n<\/p>\n<h2>Accesibilidad<\/h2>\n<p>\nEn <strong>www.esfrn.org<\/strong> ponemos a disposici\u00f3n el widget (una peque\u00f1a aplicaci\u00f3n) de accesibilidad dedicado al sitio web <a href=\"https:\/\/userway.org\/\">UserWay Website Accessibility Widget<\/a> que funciona con un servidor de accesibilidad. El software permite a <strong>www.esfrn.org<\/strong> mejorar su cumplimiento de las Pautas de accesibilidad al contenido web (WCAG 2.1).\n<\/p>\n<h2>Habilitar del men\u00fa de accesibilidad<\/h2>\n<p>\nEl men\u00fa de accesibilidad de <strong>www.esfrn.org<\/strong> se puede habilitar haciendo clic en el icono del men\u00fa de accesibilidad que aparece en la esquina de la p\u00e1gina. Despu\u00e9s de activar el men\u00fa de accesibilidad, espere un momento hasta que el men\u00fa de accesibilidad se cargue por completo.\n<\/p>\n<h2>Descargo de responsabilidad<\/h2>\n<p>\n<strong>www.esfrn.org<\/strong> contin\u00faa sus esfuerzos para mejorar constantemente la accesibilidad de su sitio y sus servicios con la creencia de que es nuestra obligaci\u00f3n moral colectiva permitir un uso transparente, accesible y sin obst\u00e1culos tambi\u00e9n para aquellos de nosotros con discapacidades.<\/p>\n<p>A pesar de nuestros esfuerzos por hacer que todas las p\u00e1ginas y el contenido de <strong>www.esfrn.org<\/strong> sean totalmente accesibles, es posible que algunos contenidos a\u00fan no se hayan adaptado por completo a los est\u00e1ndares de accesibilidad m\u00e1s estrictos. Esto se puede deber a que no se ha encontrado o identificado la soluci\u00f3n tecnol\u00f3gica m\u00e1s adecuada.\n<\/p>\n<h2>Aqu\u00ed para usted<\/h2>\n<p>\nSi tiene dificultades con cualquier contenido de <strong>www.esfrn.org<\/strong> org o necesita ayuda con cualquier parte de nuestro sitio, comun\u00edquese con nosotros como se detalla a continuaci\u00f3n y estaremos encantados de ayudarle.\n<\/p>\n<h2>Cont\u00e1ctenos<\/h2>\n<p>\nSi desea reportar alg\u00fan problema de accesibilidad, tiene alguna pregunta o necesita ayuda, <a href=\"https:\/\/www.esfrn.org\/es\/contacta-con-nosotros\/\">comun\u00edquese con FRN<\/a> al (800) 974-5553 o escr\u00edbenos a esfrn6@gmail.com\n<\/p>\n<p>&nbsp;<\/p>\n","protected":false},"excerpt":{"rendered":"<p>Declaraci\u00f3n de accesibilidad Actualizado: mayo de 2021 General www.esfrn.org se esfuerza por garantizar que sus servicios sean accesibles para las personas con discapacidad. www.esfrn.org ha&#8230;<\/p>\n<div class=\"more-link-wrapper\"><a class=\"more-link\" href=\"https:\/\/www.esfrn.org\/es\/declaracion-de-accesibilidad\/\">Lee mas<span class=\"screen-reader-text\">Declaraci\u00f3n de Accesibilidad<\/span><\/a><\/div>\n","protected":false},"author":1,"featured_media":0,"parent":0,"menu_order":0,"comment_status":"closed","ping_status":"closed","template":"","meta":{"_lmt_disableupdate":"no","_lmt_disable":"","footnotes":""},"class_list":["post-1135","page","type-page","status-publish","hentry","entry"],"_links":{"self":[{"href":"https:\/\/www.esfrn.org\/es\/wp-json\/wp\/v2\/pages\/1135","targetHints":{"allow":["GET"]}}],"collection":[{"href":"https:\/\/www.esfrn.org\/es\/wp-json\/wp\/v2\/pages"}],"about":[{"href":"https:\/\/www.esfrn.org\/es\/wp-json\/wp\/v2\/types\/page"}],"author":[{"embeddable":true,"href":"https:\/\/www.esfrn.org\/es\/wp-json\/wp\/v2\/users\/1"}],"replies":[{"embeddable":true,"href":"https:\/\/www.esfrn.org\/es\/wp-json\/wp\/v2\/comments?post=1135"}],"version-history":[{"count":7,"href":"https:\/\/www.esfrn.org\/es\/wp-json\/wp\/v2\/pages\/1135\/revisions"}],"predecessor-version":[{"id":4258,"href":"https:\/\/www.esfrn.org\/es\/wp-json\/wp\/v2\/pages\/1135\/revisions\/4258"}],"wp:attachment":[{"href":"https:\/\/www.esfrn.org\/es\/wp-json\/wp\/v2\/media?parent=1135"}],"curies":[{"name":"wp","href":"https:\/\/api.w.org\/{rel}","templated":true}]}}