{"id":1137,"date":"2021-11-17T12:16:11","date_gmt":"2021-11-17T20:16:11","guid":{"rendered":"http:\/\/47.181.156.224\/descargo-de-responsabilidad\/"},"modified":"2024-12-17T16:04:18","modified_gmt":"2024-12-18T00:04:18","slug":"descargo-de-responsabilidad","status":"publish","type":"page","link":"https:\/\/www.esfrn.org\/es\/descargo-de-responsabilidad\/","title":{"rendered":"Descargo de Responsabilidad"},"content":{"rendered":"<h2>Descargo de Responsabilidad de FRN<\/h2>\n<p>Actualizado: octubre de 2021<\/p>\n<p>\n<strong>www.esfrn.org<\/strong> se esfuerza por garantizar que sus servicios sean accesibles para las personas con discapacidad. <strong>www.esfrn.org<\/strong> ha invertido una cantidad significativa de recursos para ayudar a garantizar que su sitio web sea m\u00e1s f\u00e1cil de usar y m\u00e1s accesible para las personas con discapacidad, con la firme convicci\u00f3n de que toda persona tiene derecho a vivir con dignidad, igualdad, comodidad y independencia.<\/p>\n","protected":false},"excerpt":{"rendered":"<p>Descargo de Responsabilidad de FRN Actualizado: octubre de 2021 www.esfrn.org se esfuerza por garantizar que sus servicios sean accesibles para las personas con discapacidad. www.esfrn.org&#8230;<\/p>\n<div class=\"more-link-wrapper\"><a class=\"more-link\" href=\"https:\/\/www.esfrn.org\/es\/descargo-de-responsabilidad\/\">Lee mas<span class=\"screen-reader-text\">Descargo de Responsabilidad<\/span><\/a><\/div>\n","protected":false},"author":1,"featured_media":0,"parent":0,"menu_order":0,"comment_status":"closed","ping_status":"closed","template":"","meta":{"_lmt_disableupdate":"no","_lmt_disable":"","footnotes":""},"class_list":["post-1137","page","type-page","status-publish","hentry","entry"],"_links":{"self":[{"href":"https:\/\/www.esfrn.org\/es\/wp-json\/wp\/v2\/pages\/1137","targetHints":{"allow":["GET"]}}],"collection":[{"href":"https:\/\/www.esfrn.org\/es\/wp-json\/wp\/v2\/pages"}],"about":[{"href":"https:\/\/www.esfrn.org\/es\/wp-json\/wp\/v2\/types\/page"}],"author":[{"embeddable":true,"href":"https:\/\/www.esfrn.org\/es\/wp-json\/wp\/v2\/users\/1"}],"replies":[{"embeddable":true,"href":"https:\/\/www.esfrn.org\/es\/wp-json\/wp\/v2\/comments?post=1137"}],"version-history":[{"count":2,"href":"https:\/\/www.esfrn.org\/es\/wp-json\/wp\/v2\/pages\/1137\/revisions"}],"predecessor-version":[{"id":4260,"href":"https:\/\/www.esfrn.org\/es\/wp-json\/wp\/v2\/pages\/1137\/revisions\/4260"}],"wp:attachment":[{"href":"https:\/\/www.esfrn.org\/es\/wp-json\/wp\/v2\/media?parent=1137"}],"curies":[{"name":"wp","href":"https:\/\/api.w.org\/{rel}","templated":true}]}}