{"id":573,"date":"2020-02-27T11:56:05","date_gmt":"2020-02-27T19:56:05","guid":{"rendered":"http:\/\/71.243.216.83\/nuestra-mision\/"},"modified":"2024-12-10T12:04:07","modified_gmt":"2024-12-10T20:04:07","slug":"nuestra-mision","status":"publish","type":"page","link":"https:\/\/www.esfrn.org\/es\/nuestra-mision\/","title":{"rendered":"Nuestra Misi\u00f3n"},"content":{"rendered":"<div class=\"w3-container\">\n<h2>El prop\u00f3sito del Red de Recursos Familiares<\/h2>\n<ul class=\"\" style=\"width:100%;list-style-type: square;\">\n<li>Proporcionar servicios de apoyo que incluyan educaci\u00f3n, recursos y capacitaci\u00f3n a familias con ni\u00f1os que est\u00e1n en riesgo de sufrir retrasos o discapacidades o que los est\u00e1n experimentando.<\/li>\n<li>Mejorar la conciencia de los padres vinculando a las familias con los servicios adecuados en sus comunidades.<\/li>\n<li>Promover la colaboraci\u00f3n entre padres y profesionales reconociendo el papel central de la familia en todos los aspectos del proceso de toma de decisiones y aprovechando sus puntos fuertes.<\/li>\n<li>Proporcionar una red coordinada de apoyo entre padres en los condados de Riverside y San Bernardino en California.<\/li>\n<\/ul>\n<p>\n<\/div>\n<div class=\"w3-container\">\n<hr>\n<p>\n <img decoding=\"async\" class=\"w3-image w3-border mission-img\" src=\"\/wp-content\/uploads\/2021\/11\/Tree-with-hands-and-hearts.jpg\" alt=\"\u00c1rbol de colores\"\/><\/p>\n<hr>\n<p>\n<\/div>\n","protected":false},"excerpt":{"rendered":"<p>El prop\u00f3sito del Red de Recursos Familiares Proporcionar servicios de apoyo que incluyan educaci\u00f3n, recursos y capacitaci\u00f3n a familias con ni\u00f1os que est\u00e1n en riesgo&#8230;<\/p>\n<div class=\"more-link-wrapper\"><a class=\"more-link\" href=\"https:\/\/www.esfrn.org\/es\/nuestra-mision\/\">Lee mas<span class=\"screen-reader-text\">Nuestra Misi\u00f3n<\/span><\/a><\/div>\n","protected":false},"author":1,"featured_media":0,"parent":0,"menu_order":0,"comment_status":"closed","ping_status":"closed","template":"","meta":{"_lmt_disableupdate":"no","_lmt_disable":"","footnotes":""},"class_list":["post-573","page","type-page","status-publish","hentry","entry"],"_links":{"self":[{"href":"https:\/\/www.esfrn.org\/es\/wp-json\/wp\/v2\/pages\/573","targetHints":{"allow":["GET"]}}],"collection":[{"href":"https:\/\/www.esfrn.org\/es\/wp-json\/wp\/v2\/pages"}],"about":[{"href":"https:\/\/www.esfrn.org\/es\/wp-json\/wp\/v2\/types\/page"}],"author":[{"embeddable":true,"href":"https:\/\/www.esfrn.org\/es\/wp-json\/wp\/v2\/users\/1"}],"replies":[{"embeddable":true,"href":"https:\/\/www.esfrn.org\/es\/wp-json\/wp\/v2\/comments?post=573"}],"version-history":[{"count":6,"href":"https:\/\/www.esfrn.org\/es\/wp-json\/wp\/v2\/pages\/573\/revisions"}],"predecessor-version":[{"id":4152,"href":"https:\/\/www.esfrn.org\/es\/wp-json\/wp\/v2\/pages\/573\/revisions\/4152"}],"wp:attachment":[{"href":"https:\/\/www.esfrn.org\/es\/wp-json\/wp\/v2\/media?parent=573"}],"curies":[{"name":"wp","href":"https:\/\/api.w.org\/{rel}","templated":true}]}}