{"id":641,"date":"2020-03-02T17:20:44","date_gmt":"2020-03-03T01:20:44","guid":{"rendered":"http:\/\/71.243.216.88\/entrenamiento-para-padres\/"},"modified":"2024-12-17T16:13:43","modified_gmt":"2024-12-18T00:13:43","slug":"entrenamiento-para-padres","status":"publish","type":"page","link":"https:\/\/www.esfrn.org\/es\/entrenamiento-para-padres\/","title":{"rendered":"Capacitaci\u00f3n para padres"},"content":{"rendered":"<div class=\"w3-container\" style=\"margin-top:20px;\">\n<h2>Oportunidades Educativas para Padres y Cuidadores<\/h2>\n<p><\/p>\n<p>\nPara obtener m\u00e1s informaci\u00f3n sobre las pr\u00f3ximas capacitaciones para padres, comun\u00edquese con la FRN al (800) 974-5553 o consulte nuestro <a href=\"\/es\/calendar\/\" target=\"_self\" rel=\"noopener noreferrer\">calendario de eventos<\/a>. Todas las capacitaciones se brindan sin costo y muchas de ellas se brindan de manera virtual. Algunas de nuestras capacitaciones en curso se enumeran a continuaci\u00f3n.\n<\/p>\n<\/div>\n<div class=\"w3-container\" style=\"margin-top:20px;\">\n<h3>Descripci\u00f3n general del IEP (Programa de Educaci\u00f3n Individualizada)<\/h3>\n<p><\/p>\n<p>\nLa FRN ofrece capacitaciones trimestrales gratuitas sobre la descripci\u00f3n general del IEP (Programa de Educaci\u00f3n Individualizada) para padres. Durante esta capacitaci\u00f3n, los padres aprender\u00e1n los conceptos b\u00e1sicos de esta importante reuni\u00f3n de planificaci\u00f3n que puede realizarse por primera vez alrededor del tercer cumplea\u00f1os de su hijo y que involucra sus necesidades educativas.\n<\/p>\n<p><\/p>\n<p>Temas de discusi\u00f3n<\/p>\n<ul class=\"pTraining\" style=\"width:100%\">\n<li>\u00bfQu\u00e9 es una reuni\u00f3n de IEP y por qu\u00e9 las tenemos?<\/li>\n<li>\u00bfQu\u00e9 se puede incluir en un IEP?<\/li>\n<li>\u00bfQui\u00e9n est\u00e1 en el equipo del IEP?<\/li>\n<li>\u00bfCu\u00e1l es el papel de los padres?<\/li>\n<li>Cuales son tus derechos?<\/li>\n<li>C\u00f3mo mantener buenos registros<\/li>\n<li>C\u00f3mo prepararse para una reuni\u00f3n de IEP<\/li>\n<\/ul>\n<p>\n<\/div>\n<p><\/p>\n<hr>\n<p><\/p>\n<div class=\"w3-container\">\n<img decoding=\"async\" class=\"w3-image w3-border pTraining-img\" src=\"\/wp-content\/uploads\/2021\/11\/woman-sits-with-group-of-people-and-reaches-forward-to-shake-hands.jpg\" alt=\"Programa de educaci\u00f3n individualizado\"\/>\n<\/div>\n<hr>\n<div class=\"w3-container\" style=\"margin-top:20px;\">\n<h3>Capacitaciones sobre procesamiento sensorial<\/h3>\n<p><\/p>\n<p>\n\u00bfTiene curiosidad sobre el procesamiento sensorial, qu\u00e9 es y c\u00f3mo afecta el aprendizaje y la conducta? \u00bfSu hijo es quisquilloso con la comida o torpe? \u00bfSu hijo tiene dificultad para conciliar el sue\u00f1o o hace berrinches sin motivo aparente? Si es as\u00ed, \u00a1esta capacitaci\u00f3n es para usted! Facilitada por Annette Richardson, OTR\/L, quien ha trabajado para IRC durante m\u00e1s de 20 a\u00f1os como terapeuta ocupacional especializada en pediatr\u00eda. Tiene una amplia formaci\u00f3n y experiencia en alimentaci\u00f3n y trastornos del procesamiento sensorial.\n<\/p>\n<p><\/p>\n<hr>\n<\/div>\n<div class=\"w3-container\" style=\"margin-top:20px;\">\n<h3>Liderazgo de proyecto<\/h3>\n<p><\/p>\n<p>\nLiderazgo de proyecto es una serie de entrenamiento gratuita y completa. Esta capacitaci\u00f3n de sesiones m\u00faltiples proporciona un plan de estudios din\u00e1mico e interactivo, que ofrece a los padres la oportunidad de aprender unos con otros. Su experiencia como padre es importante. \u00a1Tu voz puede hacer la diferencia!\n<\/p>\n<hr>\n<p><\/p>\n<div class=\"w3-container\">\n<img decoding=\"async\" class=\"w3-image w3-border pTraining-img\"  src=\"\/wp-content\/uploads\/2021\/11\/On-laptop-diverse-people-collage-webcam-view-over-woman-shoulder.jpg\" alt=\"Entrenamientos de integraci\u00f3n sensorial\"  \/>\n<\/div>\n<hr>\n<p>Si est\u00e1 interesado en lo siguiente, comun\u00edquese con la FRN:<\/p>\n<ul class=\"pTraining\" style=\"width:100%\">\n<li>\u00bfDesarrollando las habilidades y herramientas necesarias para asociarse en todos los niveles de toma de decisiones?<\/li>\n<li>\u00bfParticipar en la defensa p\u00fablica en nombre de los ni\u00f1os con necesidades especiales de atenci\u00f3n m\u00e9dica?<\/li>\n<li>\u00bfAprender c\u00f3mo funciona el proceso legislativo?<\/li>\n<li>\u00bfIdentificando y participando en actividades de liderazgo?<\/li>\n<li>\u00bfAprender a contar su historia para lograr un cambio en todo el sistema?<\/li>\n<\/ul>\n<p><\/p>\n<hr>\n<\/div>\n","protected":false},"excerpt":{"rendered":"<p>Oportunidades Educativas para Padres y Cuidadores Para obtener m\u00e1s informaci\u00f3n sobre las pr\u00f3ximas capacitaciones para padres, comun\u00edquese con la FRN al (800) 974-5553 o consulte&#8230;<\/p>\n<div class=\"more-link-wrapper\"><a class=\"more-link\" href=\"https:\/\/www.esfrn.org\/es\/entrenamiento-para-padres\/\">Lee mas<span class=\"screen-reader-text\">Capacitaci\u00f3n para padres<\/span><\/a><\/div>\n","protected":false},"author":1,"featured_media":0,"parent":0,"menu_order":0,"comment_status":"closed","ping_status":"closed","template":"","meta":{"_lmt_disableupdate":"no","_lmt_disable":"","footnotes":""},"class_list":["post-641","page","type-page","status-publish","hentry","entry"],"_links":{"self":[{"href":"https:\/\/www.esfrn.org\/es\/wp-json\/wp\/v2\/pages\/641","targetHints":{"allow":["GET"]}}],"collection":[{"href":"https:\/\/www.esfrn.org\/es\/wp-json\/wp\/v2\/pages"}],"about":[{"href":"https:\/\/www.esfrn.org\/es\/wp-json\/wp\/v2\/types\/page"}],"author":[{"embeddable":true,"href":"https:\/\/www.esfrn.org\/es\/wp-json\/wp\/v2\/users\/1"}],"replies":[{"embeddable":true,"href":"https:\/\/www.esfrn.org\/es\/wp-json\/wp\/v2\/comments?post=641"}],"version-history":[{"count":10,"href":"https:\/\/www.esfrn.org\/es\/wp-json\/wp\/v2\/pages\/641\/revisions"}],"predecessor-version":[{"id":4266,"href":"https:\/\/www.esfrn.org\/es\/wp-json\/wp\/v2\/pages\/641\/revisions\/4266"}],"wp:attachment":[{"href":"https:\/\/www.esfrn.org\/es\/wp-json\/wp\/v2\/media?parent=641"}],"curies":[{"name":"wp","href":"https:\/\/api.w.org\/{rel}","templated":true}]}}