{"id":660,"date":"2020-03-03T17:47:12","date_gmt":"2020-03-04T01:47:12","guid":{"rendered":"http:\/\/71.243.216.88\/contacta-con-nosotros\/"},"modified":"2025-02-03T15:45:59","modified_gmt":"2025-02-03T23:45:59","slug":"contacta-con-nosotros","status":"publish","type":"page","link":"https:\/\/www.esfrn.org\/es\/contacta-con-nosotros\/","title":{"rendered":"Cont\u00e1ctenos"},"content":{"rendered":"<div class=\"w3-row-padding w3-section\">\n<div id=\"contact-address\" class=\"w3-third\">\n<div class=\"w3-card-4\">\n<p>      <img decoding=\"async\" src=\"\/wp-content\/uploads\/2021\/11\/Tourist-using-GPS-map-navigation-app-on-smartphone-screen.jpg\" alt=\"Navegaci\u00f3n\" style=\"width:100%\"> <\/p>\n<div class=\"w3-container\">\n<h2>Direcci\u00f3n<\/h2>\n<\/p><\/div>\n<div class=\"w3-container\">\n<p><strong>Family Resource Network<\/strong><\/p>\n<p>P.O.Box 19037<br \/>\n San Bernardino, CA 92423<\/p>\n<\/p><\/div>\n<\/p><\/div>\n<\/p><\/div>\n<div id=\"contact-phone\" class=\"w3-third\">\n<div class=\"w3-card-4\">\n<p>      <img decoding=\"async\" src=\"\/wp-content\/uploads\/2021\/11\/Cute-African-American-Boy-playing-with-Mobile-Phone.jpg\" alt=\"Comunicaci\u00f3n\" style=\"width:100%\"><\/p>\n<div class=\"w3-container\">\n<h2>Tel\u00e9fono<\/h2>\n<\/p><\/div>\n<div class=\"w3-container\">\n<p><strong>Llamanos<\/strong><br \/>(909) 890-4788<br \/>\n  (800) 974-5553<br \/>\n FAX (909) 382-4619<\/p>\n<\/p><\/div>\n<\/p><\/div>\n<\/p><\/div>\n<div id=\"contact-email\" class=\"w3-third\">\n<div class=\"w3-card-4\">\n<p>      <img decoding=\"async\" src=\"\/wp-content\/uploads\/2021\/11\/Closeup-female-hands-typing-on-laptop-keyboard.jpg\" alt=\"Con\u00e9ctese por correo electr\u00f3nico\" style=\"width:100%\"><\/p>\n<div class=\"w3-container\">\n<h2>CORREO ELECTR\u00d3NICO<\/h2>\n<\/p><\/div>\n<div class=\"w3-container\">\n<p><strong>Escr\u00edbenos a<\/strong><br \/>esfrn6@gmail.com<\/p>\n<\/p><\/div>\n<\/p><\/div>\n<\/p><\/div>\n<\/div>\n<div class=\"w3-container\">\n<p><strong>Encu\u00e9ntranos en <\/strong><\/p>\n<div style =\"width:auto;\">\n<div style=\"float:left;margin-right:5px;\">\n<a href=\"https:\/\/www.facebook.com\/EarlyStartFRN\"><img decoding=\"async\" src=\"\/wp-content\/uploads\/2021\/08\/facebook_64.png\" alt=\"Facebook\" style=\"display: inline-block; float:none; clear:none\"><\/a>\n<\/div>\n<div style=\"float:left;margin-right:5px;\">\n<a href=\"https:\/\/www.instagram.com\/earlystartfrn\/\"><img decoding=\"async\" src=\"\/wp-content\/uploads\/2024\/12\/instagram64.png\" alt=\"Instagram\"><\/a>\n<\/div>\n<div style=\"float:left;\">\n<a href=\"https:\/\/www.pinterest.com\/EarlyStartFRN\/\"><img decoding=\"async\" src=\"\/wp-content\/uploads\/2021\/08\/pinterest_64.png\" alt=\"Pinterest\"><\/a>\n<\/div>\n<div style=\"float:left;margin-right:5px;\">\n<a href=\"https:\/\/twitter.com\/EarlyStartFRN\"><img decoding=\"async\" src=\"\/wp-content\/uploads\/2024\/12\/X64.png\" alt=\"X\" style=\"display: inline-block; float:none; clear:none\"><\/a>\n<\/div>\n<div style=\"float:left;margin-right:5px;\">\n<a href=\"https:\/\/twitter.com\/EarlyStartFRN\"><img decoding=\"async\" src=\"\/wp-content\/uploads\/2024\/12\/Linktree64.png\" alt=\"Linktree\" style=\"display: inline-block; float:none; clear:none\"><\/a>\n<\/div>\n<div style=\"clear:both;\"><\/div>\n<\/div>\n<\/div>\n","protected":false},"excerpt":{"rendered":"<p>Direcci\u00f3n Family Resource Network P.O.Box 19037 San Bernardino, CA 92423 Tel\u00e9fono Llamanos(909) 890-4788 (800) 974-5553 FAX (909) 382-4619 CORREO ELECTR\u00d3NICO Escr\u00edbenos aesfrn6@gmail.com Encu\u00e9ntranos en<\/p>\n","protected":false},"author":1,"featured_media":0,"parent":0,"menu_order":0,"comment_status":"closed","ping_status":"closed","template":"","meta":{"_lmt_disableupdate":"no","_lmt_disable":"","footnotes":""},"class_list":["post-660","page","type-page","status-publish","hentry","entry"],"_links":{"self":[{"href":"https:\/\/www.esfrn.org\/es\/wp-json\/wp\/v2\/pages\/660","targetHints":{"allow":["GET"]}}],"collection":[{"href":"https:\/\/www.esfrn.org\/es\/wp-json\/wp\/v2\/pages"}],"about":[{"href":"https:\/\/www.esfrn.org\/es\/wp-json\/wp\/v2\/types\/page"}],"author":[{"embeddable":true,"href":"https:\/\/www.esfrn.org\/es\/wp-json\/wp\/v2\/users\/1"}],"replies":[{"embeddable":true,"href":"https:\/\/www.esfrn.org\/es\/wp-json\/wp\/v2\/comments?post=660"}],"version-history":[{"count":8,"href":"https:\/\/www.esfrn.org\/es\/wp-json\/wp\/v2\/pages\/660\/revisions"}],"predecessor-version":[{"id":4479,"href":"https:\/\/www.esfrn.org\/es\/wp-json\/wp\/v2\/pages\/660\/revisions\/4479"}],"wp:attachment":[{"href":"https:\/\/www.esfrn.org\/es\/wp-json\/wp\/v2\/media?parent=660"}],"curies":[{"name":"wp","href":"https:\/\/api.w.org\/{rel}","templated":true}]}}