{"id":663,"date":"2020-03-03T17:57:50","date_gmt":"2020-03-04T01:57:50","guid":{"rendered":"http:\/\/71.243.216.88\/todo-sobre-la-esfrn\/"},"modified":"2025-06-18T15:11:52","modified_gmt":"2025-06-18T23:11:52","slug":"todo-sobre-la-esfrn","status":"publish","type":"page","link":"https:\/\/www.esfrn.org\/es\/todo-sobre-la-esfrn\/","title":{"rendered":"Todo sobre la FRN"},"content":{"rendered":"<h2>Aprende m\u00e1s sobre el Red de Recursos Familiares (FRN)<\/h2>\n<div class=\"w3-container\">\n<h3>Quienes somos nosotros Qu\u00e9 hacemos? \u00bfC\u00f3mo estamos financiados?<\/h3>\n<p>La FRN cuenta con personal capacitado que tiene experiencia personal y est\u00e1 disponible para brindarle apoyo, informaci\u00f3n y recursos, y ayudarlo a navegar por varios servicios y agencias. La mayor\u00eda del personal tiene un hijo o un familiar que tiene un retraso o discapacidad en el desarrollo, por lo que lo escuchar\u00e1n con atenci\u00f3n; ellos tambi\u00e9n han \u201cpasado por eso\u201d. La FRN presta servicios en los condados de Riverside y San Bernardino. Todos los servicios se brindan sin costo.\n<\/p>\n<p>\nFRN recibe financiaci\u00f3n de las siguientes fuentes:<\/br><\/p>\n<ul>\n<li>Departamento de Servicios de Desarrollo de California (DDS) para apoyar a las familias de Early Start.<\/li>\n<li>Heluna Health para el Programa Navegador Comunitario. Vea y descargue el folleto y el formulario de quejas del <a href=\"https:\/\/bit.ly\/4jJh2OM\" target=\"_blank\" rel=\"noopener noreferrer\">Community Navigator Program (CNP)<\/a>.<\/li>\n<li>Departamento de Educaci\u00f3n de California (CDE) para el Centro de Empoderamiento Familiar. Descubre c\u00f3mo empoderamos a las familias a trav\u00e9s de la educaci\u00f3n, los recursos y el apoyo comunitario como un <a href=\"https:\/\/bit.ly\/43LJdb5\" target=\"_blank\" rel=\"noopener noreferrer\">Family Empowerment Center (FEC)<\/a>.<\/li>\n<\/ul>\n<p><\/p>\n<hr>\n<p><img decoding=\"async\" class=\"w3-image w3-border allaboutus-img\" src=\"\/wp-content\/uploads\/2021\/11\/community-word-handwritten-on-chalkboard-with-heart-symbol-instead-of-O.jpg\" alt=\"Manos y corazon\"\/> <\/p>\n<hr>\n<p>\n<\/div>\n","protected":false},"excerpt":{"rendered":"<p>Aprende m\u00e1s sobre el Red de Recursos Familiares (FRN) Quienes somos nosotros Qu\u00e9 hacemos? \u00bfC\u00f3mo estamos financiados? La FRN cuenta con personal capacitado que tiene&#8230;<\/p>\n<div class=\"more-link-wrapper\"><a class=\"more-link\" href=\"https:\/\/www.esfrn.org\/es\/todo-sobre-la-esfrn\/\">Lee mas<span class=\"screen-reader-text\">Todo sobre la FRN<\/span><\/a><\/div>\n","protected":false},"author":1,"featured_media":0,"parent":0,"menu_order":0,"comment_status":"closed","ping_status":"closed","template":"","meta":{"_lmt_disableupdate":"no","_lmt_disable":"","footnotes":""},"class_list":["post-663","page","type-page","status-publish","hentry","entry"],"_links":{"self":[{"href":"https:\/\/www.esfrn.org\/es\/wp-json\/wp\/v2\/pages\/663","targetHints":{"allow":["GET"]}}],"collection":[{"href":"https:\/\/www.esfrn.org\/es\/wp-json\/wp\/v2\/pages"}],"about":[{"href":"https:\/\/www.esfrn.org\/es\/wp-json\/wp\/v2\/types\/page"}],"author":[{"embeddable":true,"href":"https:\/\/www.esfrn.org\/es\/wp-json\/wp\/v2\/users\/1"}],"replies":[{"embeddable":true,"href":"https:\/\/www.esfrn.org\/es\/wp-json\/wp\/v2\/comments?post=663"}],"version-history":[{"count":10,"href":"https:\/\/www.esfrn.org\/es\/wp-json\/wp\/v2\/pages\/663\/revisions"}],"predecessor-version":[{"id":6341,"href":"https:\/\/www.esfrn.org\/es\/wp-json\/wp\/v2\/pages\/663\/revisions\/6341"}],"wp:attachment":[{"href":"https:\/\/www.esfrn.org\/es\/wp-json\/wp\/v2\/media?parent=663"}],"curies":[{"name":"wp","href":"https:\/\/api.w.org\/{rel}","templated":true}]}}