{"id":689,"date":"2020-03-13T12:35:28","date_gmt":"2020-03-13T20:35:28","guid":{"rendered":"http:\/\/71.243.216.88\/presentaciones\/"},"modified":"2024-12-08T13:27:34","modified_gmt":"2024-12-08T21:27:34","slug":"presentaciones","status":"publish","type":"page","link":"https:\/\/www.esfrn.org\/es\/presentaciones\/","title":{"rendered":"Presentaciones"},"content":{"rendered":"<div class=\"w3-container\" style=\"margin-top:20px;\">\n<h2>Presentaciones a agencias comunitarias.<\/h2>\n<p><\/p>\n<p>\nEl personal de FRN est\u00e1 disponible para ofrecer presentaciones gratuitas a profesionales y agencias comunitarias. Las presentaciones pueden incluir informaci\u00f3n sobre FRN, el programa Early Start, la perspectiva de los padres y m\u00e1s. Las presentaciones tambi\u00e9n se pueden personalizar. <a href=\"\/es\/contacta-con-nosotros\/\">Cont\u00e1ctenos<\/a> para obtener m\u00e1s informaci\u00f3n.\n<\/p>\n<p>\n<\/div>\n<hr>\n<div class=\"w3-row\">\n<div class=\"w3-half w3-container\">\n<img decoding=\"async\" class=\"w3-image w3-border presentations-img\" src=\"\/wp-content\/uploads\/2021\/11\/Woman-delivering-a-presentation-in-a-seminar.jpg\" alt=\"Seminario\" \/>\n<\/div>\n<div class=\"w3-half w3-container\">\n<img decoding=\"async\" class=\"w3-image w3-border presentations-img\" src=\"\/wp-content\/uploads\/2021\/11\/Learning-at-home-with-online-lesson.jpg\" alt=\"Online Lesson\"\/>\n<\/div>\n<\/div>\n<p>&nbsp;&nbsp;<\/p>\n","protected":false},"excerpt":{"rendered":"<p>Presentaciones a agencias comunitarias. El personal de FRN est\u00e1 disponible para ofrecer presentaciones gratuitas a profesionales y agencias comunitarias. Las presentaciones pueden incluir informaci\u00f3n sobre&#8230;<\/p>\n<div class=\"more-link-wrapper\"><a class=\"more-link\" href=\"https:\/\/www.esfrn.org\/es\/presentaciones\/\">Lee mas<span class=\"screen-reader-text\">Presentaciones<\/span><\/a><\/div>\n","protected":false},"author":1,"featured_media":0,"parent":0,"menu_order":0,"comment_status":"closed","ping_status":"closed","template":"","meta":{"_lmt_disableupdate":"no","_lmt_disable":"","footnotes":""},"class_list":["post-689","page","type-page","status-publish","hentry","entry"],"_links":{"self":[{"href":"https:\/\/www.esfrn.org\/es\/wp-json\/wp\/v2\/pages\/689","targetHints":{"allow":["GET"]}}],"collection":[{"href":"https:\/\/www.esfrn.org\/es\/wp-json\/wp\/v2\/pages"}],"about":[{"href":"https:\/\/www.esfrn.org\/es\/wp-json\/wp\/v2\/types\/page"}],"author":[{"embeddable":true,"href":"https:\/\/www.esfrn.org\/es\/wp-json\/wp\/v2\/users\/1"}],"replies":[{"embeddable":true,"href":"https:\/\/www.esfrn.org\/es\/wp-json\/wp\/v2\/comments?post=689"}],"version-history":[{"count":5,"href":"https:\/\/www.esfrn.org\/es\/wp-json\/wp\/v2\/pages\/689\/revisions"}],"predecessor-version":[{"id":4138,"href":"https:\/\/www.esfrn.org\/es\/wp-json\/wp\/v2\/pages\/689\/revisions\/4138"}],"wp:attachment":[{"href":"https:\/\/www.esfrn.org\/es\/wp-json\/wp\/v2\/media?parent=689"}],"curies":[{"name":"wp","href":"https:\/\/api.w.org\/{rel}","templated":true}]}}