{"id":691,"date":"2020-03-13T12:40:37","date_gmt":"2020-03-13T20:40:37","guid":{"rendered":"http:\/\/71.243.216.88\/grupos-de-apoyo\/"},"modified":"2024-12-17T16:15:15","modified_gmt":"2024-12-18T00:15:15","slug":"grupos-de-apoyo","status":"publish","type":"page","link":"https:\/\/www.esfrn.org\/es\/grupos-de-apoyo\/","title":{"rendered":"Grupos de Apoyo"},"content":{"rendered":"<div class=\"w3-container\">\n<h2>Con\u00e9ctate con Otros<\/h2>\n<p>\nEl personal de FRN ofrece grupos de apoyo y oportunidades de conexi\u00f3n para padres en los condados de Riverside y San Bernardino. Comun\u00edquese con la FRN y obtenga m\u00e1s informaci\u00f3n sobre los grupos de apoyo comunitarios locales en su \u00e1rea.\n<\/p>\n<\/div>\n<div class=\"w3-container\">\n<\/p>\n<hr>\n<p>\n<img decoding=\"async\" class=\"w3-image w3-border groups-img\" src=\"\/wp-content\/uploads\/2021\/11\/Sad-hispanic-woman-being-comforted-by-another-woman-.jpg\" alt=\"Soporte grupal\"\/><\/p>\n<hr>\n<p>\n<\/div>\n<div class=\"w3-container\" style=\"margin-top:10px;\">\n<ul class=\"w3-ul\" style=\"width:100%\">\n<li>\n<h3>Angeles Con Futuro<\/h3>\n<ul class=\"w3-ul\">\n<li>\nEste grupo de apoyo de habla hispana se re\u00fane el primer jueves de cada mes (excepto en julio) y ofrece a los padres la oportunidad de aprender de profesionales y conectarse con otros padres que tienen hijos con necesidades especiales. Para obtener m\u00e1s informaci\u00f3n, comun\u00edquese con Blanca Loria al (909) 890-4792 \/ (800) 974-5553 o \u00fanase a <a href=\"https:\/\/www.facebook.com\/groups\/angelesconfuturo\/\">Angeles Con Futuro<\/a> en Facebook.\n        <\/li>\n<\/ul>\n<\/li>\n<\/ul>\n<p><\/p>\n<ul class=\"w3-ul\" style=\"width:100%\">\n<li>\n<h3>Grupos de apoyo comunitario<\/h3>\n<ul class=\"w3-ul\">\n<li>\nLa FRN puede brindar informaci\u00f3n sobre grupos de apoyo comunitarios locales, as\u00ed como oportunidades de apoyo en l\u00ednea. Comun\u00edquese con nosotros <a href=\"\/es\/contacta-con-nosotros\/\">cont\u00e1ctenos<\/a> hoy para obtener m\u00e1s informaci\u00f3n.\n        <\/li>\n<\/ul>\n<\/li>\n<\/ul>\n<p>\n<\/div>\n<div class=\"w3-container\">\n<\/p>\n<hr>\n<p>\n<img decoding=\"async\" class=\"w3-image w3-border groups-img\" src=\"\/wp-content\/uploads\/2021\/11\/Happy-young-family-sitting-on-couch-and-talking-with-family-counselor.jpg\" alt=\"Familia feliz\" \/><\/p>\n<hr>\n<p>\n<\/div>\n<p><\/p>\n","protected":false},"excerpt":{"rendered":"<p>Con\u00e9ctate con Otros El personal de FRN ofrece grupos de apoyo y oportunidades de conexi\u00f3n para padres en los condados de Riverside y San Bernardino.&#8230;<\/p>\n<div class=\"more-link-wrapper\"><a class=\"more-link\" href=\"https:\/\/www.esfrn.org\/es\/grupos-de-apoyo\/\">Lee mas<span class=\"screen-reader-text\">Grupos de Apoyo<\/span><\/a><\/div>\n","protected":false},"author":1,"featured_media":0,"parent":0,"menu_order":0,"comment_status":"closed","ping_status":"closed","template":"","meta":{"_lmt_disableupdate":"no","_lmt_disable":"","footnotes":""},"class_list":["post-691","page","type-page","status-publish","hentry","entry"],"_links":{"self":[{"href":"https:\/\/www.esfrn.org\/es\/wp-json\/wp\/v2\/pages\/691","targetHints":{"allow":["GET"]}}],"collection":[{"href":"https:\/\/www.esfrn.org\/es\/wp-json\/wp\/v2\/pages"}],"about":[{"href":"https:\/\/www.esfrn.org\/es\/wp-json\/wp\/v2\/types\/page"}],"author":[{"embeddable":true,"href":"https:\/\/www.esfrn.org\/es\/wp-json\/wp\/v2\/users\/1"}],"replies":[{"embeddable":true,"href":"https:\/\/www.esfrn.org\/es\/wp-json\/wp\/v2\/comments?post=691"}],"version-history":[{"count":11,"href":"https:\/\/www.esfrn.org\/es\/wp-json\/wp\/v2\/pages\/691\/revisions"}],"predecessor-version":[{"id":4268,"href":"https:\/\/www.esfrn.org\/es\/wp-json\/wp\/v2\/pages\/691\/revisions\/4268"}],"wp:attachment":[{"href":"https:\/\/www.esfrn.org\/es\/wp-json\/wp\/v2\/media?parent=691"}],"curies":[{"name":"wp","href":"https:\/\/api.w.org\/{rel}","templated":true}]}}