{"id":693,"date":"2020-03-13T13:53:02","date_gmt":"2020-03-13T21:53:02","guid":{"rendered":"http:\/\/71.243.216.88\/apoyo-de-padre-a-padre\/"},"modified":"2024-12-19T10:48:54","modified_gmt":"2024-12-19T18:48:54","slug":"apoyo-familiar","status":"publish","type":"page","link":"https:\/\/www.esfrn.org\/es\/apoyo-familiar\/","title":{"rendered":"Apoyo Familiar"},"content":{"rendered":"<div class=\"w3-container\">\n<img decoding=\"async\"  class=\"w3-image w3-border service-small-img\" src=\"\/wp-content\/uploads\/2021\/11\/Help-support-advice-guidance-signpost.jpg\" alt=\"Direcci\u00f3n\"\/>\n<\/div>\n<p>&nbsp;<\/p>\n<div class=\"w3-container\">\n<h2>C\u00f3mo el Red de Recursos Familiares (FRN) Apoya a las Familias<\/h2>\n<p><\/p>\n<ul class=\"w\" style=\"width:100%;list-style-type: square;\">\n<li>La FRN brinda apoyo, recursos y referencias a personas y familias que tienen hijos con discapacidades f\u00edsicas o de desarrollo o que est\u00e1n en riesgo de tener discapacidades.<\/li>\n<li>La FRN est\u00e1 formada por un grupo de especialistas de apoyo capacitados que son familiares de personas con una variedad de necesidades especiales. Varios miembros del personal son biling\u00fces en espa\u00f1ol y brindan servicios en los condados de Riverside y San Bernardino.<\/li>\n<li><a href=\"\/contact-us\" target=\"_self\" rel=\"noopener noreferrer\">Comun\u00edquese con nosotros<\/a> si desea comunicarse con otro padre\/familiar de un ni\u00f1o o adulto con necesidades especiales, en persona o por tel\u00e9fono. Nuestro personal puede ayudarlo con preguntas sobre la discapacidad de su hijo o si necesita informaci\u00f3n sobre los servicios.<\/li>\n<\/ul>\n<p><\/p>\n<hr>\n<p>\n <img decoding=\"async\" class=\"w3-image w3-border service-img\" src=\"\/wp-content\/uploads\/2021\/11\/Therapist-at-work.jpg\" alt=\"Terapeuta en el trabajo\" \/><\/p>\n<hr>\n<p>\n<\/div>\n","protected":false},"excerpt":{"rendered":"<p>&nbsp; C\u00f3mo el Red de Recursos Familiares (FRN) Apoya a las Familias La FRN brinda apoyo, recursos y referencias a personas y familias que tienen&#8230;<\/p>\n<div class=\"more-link-wrapper\"><a class=\"more-link\" href=\"https:\/\/www.esfrn.org\/es\/apoyo-familiar\/\">Lee mas<span class=\"screen-reader-text\">Apoyo Familiar<\/span><\/a><\/div>\n","protected":false},"author":1,"featured_media":0,"parent":0,"menu_order":0,"comment_status":"closed","ping_status":"closed","template":"","meta":{"_lmt_disableupdate":"no","_lmt_disable":"","footnotes":""},"class_list":["post-693","page","type-page","status-publish","hentry","entry"],"_links":{"self":[{"href":"https:\/\/www.esfrn.org\/es\/wp-json\/wp\/v2\/pages\/693","targetHints":{"allow":["GET"]}}],"collection":[{"href":"https:\/\/www.esfrn.org\/es\/wp-json\/wp\/v2\/pages"}],"about":[{"href":"https:\/\/www.esfrn.org\/es\/wp-json\/wp\/v2\/types\/page"}],"author":[{"embeddable":true,"href":"https:\/\/www.esfrn.org\/es\/wp-json\/wp\/v2\/users\/1"}],"replies":[{"embeddable":true,"href":"https:\/\/www.esfrn.org\/es\/wp-json\/wp\/v2\/comments?post=693"}],"version-history":[{"count":9,"href":"https:\/\/www.esfrn.org\/es\/wp-json\/wp\/v2\/pages\/693\/revisions"}],"predecessor-version":[{"id":4278,"href":"https:\/\/www.esfrn.org\/es\/wp-json\/wp\/v2\/pages\/693\/revisions\/4278"}],"wp:attachment":[{"href":"https:\/\/www.esfrn.org\/es\/wp-json\/wp\/v2\/media?parent=693"}],"curies":[{"name":"wp","href":"https:\/\/api.w.org\/{rel}","templated":true}]}}